{"id":2688,"date":"2022-06-16T16:05:52","date_gmt":"2022-06-16T14:05:52","guid":{"rendered":"https:\/\/arc-aventures.com\/infos-pratiques\/"},"modified":"2025-04-25T11:40:46","modified_gmt":"2025-04-25T09:40:46","slug":"useful-information","status":"publish","type":"page","link":"https:\/\/arc-aventures.com\/en\/useful-information\/","title":{"rendered":"Useful information"},"content":{"rendered":"","protected":false},"excerpt":{"rendered":"","protected":false},"author":4,"featured_media":0,"parent":0,"menu_order":0,"comment_status":"closed","ping_status":"closed","template":"template-modules.php","meta":{"_acf_changed":false,"_seopress_robots_primary_cat":"","_seopress_titles_title":"%%post_title%% %%sep%% %%sitetitle%%","_seopress_titles_desc":"Notre exp\u00e9rience et notre connaissance de l'environnement nous permet de vous aiguiller au mieux pour votre s\u00e9jour. De l'\u00e9quipement n\u00e9cessaire, \u00e0 votre lieu de rendez-vous, en passant par les avantages et les infos pratiques retrouvez nos conseils pour que votre activit\u00e9 se d\u00e9roule dans les meilleures conditions !","_seopress_robots_index":"","footnotes":""},"class_list":["post-2688","page","type-page","status-publish","hentry"],"acf":[],"_links":{"self":[{"href":"https:\/\/arc-aventures.com\/en\/wp-json\/wp\/v2\/pages\/2688","targetHints":{"allow":["GET"]}}],"collection":[{"href":"https:\/\/arc-aventures.com\/en\/wp-json\/wp\/v2\/pages"}],"about":[{"href":"https:\/\/arc-aventures.com\/en\/wp-json\/wp\/v2\/types\/page"}],"author":[{"embeddable":true,"href":"https:\/\/arc-aventures.com\/en\/wp-json\/wp\/v2\/users\/4"}],"replies":[{"embeddable":true,"href":"https:\/\/arc-aventures.com\/en\/wp-json\/wp\/v2\/comments?post=2688"}],"version-history":[{"count":0,"href":"https:\/\/arc-aventures.com\/en\/wp-json\/wp\/v2\/pages\/2688\/revisions"}],"wp:attachment":[{"href":"https:\/\/arc-aventures.com\/en\/wp-json\/wp\/v2\/media?parent=2688"}],"curies":[{"name":"wp","href":"https:\/\/api.w.org\/{rel}","templated":true}]}}